{"id":1427,"date":"2026-01-31T22:03:56","date_gmt":"2026-01-31T21:03:56","guid":{"rendered":"https:\/\/adriano.depimtajamar.es\/?post_type=product&#038;p=1427"},"modified":"2026-01-31T22:03:57","modified_gmt":"2026-01-31T21:03:57","slug":"altos-del-prado","status":"publish","type":"product","link":"https:\/\/adriano.depimtajamar.es\/index.php\/producto\/altos-del-prado\/","title":{"rendered":"Altos Del Prado"},"content":{"rendered":"","protected":false},"excerpt":{"rendered":"","protected":false},"featured_media":1360,"comment_status":"open","ping_status":"closed","template":"","meta":{"zakra_page_container_layout":"customizer","zakra_page_sidebar_layout":"customizer","zakra_remove_content_margin":false,"zakra_sidebar":"customizer","zakra_transparent_header":"customizer","zakra_logo":0,"zakra_main_header_style":"default","zakra_menu_item_color":"","zakra_menu_item_hover_color":"","zakra_menu_item_active_color":"","zakra_menu_active_style":"","zakra_page_header":true},"product_brand":[],"product_cat":[],"product_tag":[],"class_list":{"0":"post-1427","1":"product","2":"type-product","3":"status-publish","4":"has-post-thumbnail","7":"first","8":"instock","9":"sale","10":"shipping-taxable","11":"purchasable","12":"product-type-simple"},"yoast_head":"<!-- This site is optimized with the Yoast SEO plugin v26.8 - https:\/\/yoast.com\/product\/yoast-seo-wordpress\/ -->\n<title>Altos Del Prado - La bodega<\/title>\n<meta name=\"description\" content=\"\u00abNacido en las parcelas m\u00e1s altas de nuestra finca. Un vino de autor con una estructura excepcional y notas minerales. Solo disponible en a\u00f1adas excelentes y con producci\u00f3n numerada.\u00bb\" \/>\n<meta name=\"robots\" content=\"index, follow, max-snippet:-1, max-image-preview:large, max-video-preview:-1\" \/>\n<link rel=\"canonical\" href=\"https:\/\/adriano.depimtajamar.es\/index.php\/producto\/altos-del-prado\/\" \/>\n<meta property=\"og:locale\" content=\"es_ES\" \/>\n<meta property=\"og:type\" content=\"article\" \/>\n<meta property=\"og:title\" content=\"Altos Del Prado - La bodega\" \/>\n<meta property=\"og:description\" content=\"\u00abNacido en las parcelas m\u00e1s altas de nuestra finca. Un vino de autor con una estructura excepcional y notas minerales. Solo disponible en a\u00f1adas excelentes y con producci\u00f3n numerada.\u00bb\" \/>\n<meta property=\"og:url\" content=\"https:\/\/adriano.depimtajamar.es\/index.php\/producto\/altos-del-prado\/\" \/>\n<meta property=\"og:site_name\" content=\"La bodega\" \/>\n<meta property=\"article:modified_time\" content=\"2026-01-31T21:03:57+00:00\" \/>\n<meta property=\"og:image\" content=\"https:\/\/adriano.depimtajamar.es\/wp-content\/uploads\/2026\/01\/ee8b1841-731c-4466-bad0-dfe99dd34384.png\" \/>\n\t<meta property=\"og:image:width\" content=\"1024\" \/>\n\t<meta property=\"og:image:height\" content=\"1536\" \/>\n\t<meta property=\"og:image:type\" content=\"image\/png\" \/>\n<meta name=\"twitter:card\" content=\"summary_large_image\" \/>\n<meta name=\"twitter:label1\" content=\"Tiempo de lectura\" \/>\n\t<meta name=\"twitter:data1\" content=\"1 minuto\" \/>\n<script type=\"application\/ld+json\" class=\"yoast-schema-graph\">{\"@context\":\"https:\/\/schema.org\",\"@graph\":[{\"@type\":\"WebPage\",\"@id\":\"https:\/\/adriano.depimtajamar.es\/index.php\/producto\/altos-del-prado\/\",\"url\":\"https:\/\/adriano.depimtajamar.es\/index.php\/producto\/altos-del-prado\/\",\"name\":\"Altos Del Prado - La bodega\",\"isPartOf\":{\"@id\":\"https:\/\/adriano.depimtajamar.es\/#website\"},\"primaryImageOfPage\":{\"@id\":\"https:\/\/adriano.depimtajamar.es\/index.php\/producto\/altos-del-prado\/#primaryimage\"},\"image\":{\"@id\":\"https:\/\/adriano.depimtajamar.es\/index.php\/producto\/altos-del-prado\/#primaryimage\"},\"thumbnailUrl\":\"https:\/\/adriano.depimtajamar.es\/wp-content\/uploads\/2026\/01\/ee8b1841-731c-4466-bad0-dfe99dd34384.png\",\"datePublished\":\"2026-01-31T21:03:56+00:00\",\"dateModified\":\"2026-01-31T21:03:57+00:00\",\"description\":\"\u00abNacido en las parcelas m\u00e1s altas de nuestra finca. Un vino de autor con una estructura excepcional y notas minerales. Solo disponible en a\u00f1adas excelentes y con producci\u00f3n numerada.\u00bb\",\"breadcrumb\":{\"@id\":\"https:\/\/adriano.depimtajamar.es\/index.php\/producto\/altos-del-prado\/#breadcrumb\"},\"inLanguage\":\"es\",\"potentialAction\":[{\"@type\":\"ReadAction\",\"target\":[\"https:\/\/adriano.depimtajamar.es\/index.php\/producto\/altos-del-prado\/\"]}]},{\"@type\":\"ImageObject\",\"inLanguage\":\"es\",\"@id\":\"https:\/\/adriano.depimtajamar.es\/index.php\/producto\/altos-del-prado\/#primaryimage\",\"url\":\"https:\/\/adriano.depimtajamar.es\/wp-content\/uploads\/2026\/01\/ee8b1841-731c-4466-bad0-dfe99dd34384.png\",\"contentUrl\":\"https:\/\/adriano.depimtajamar.es\/wp-content\/uploads\/2026\/01\/ee8b1841-731c-4466-bad0-dfe99dd34384.png\",\"width\":1024,\"height\":1536},{\"@type\":\"BreadcrumbList\",\"@id\":\"https:\/\/adriano.depimtajamar.es\/index.php\/producto\/altos-del-prado\/#breadcrumb\",\"itemListElement\":[{\"@type\":\"ListItem\",\"position\":1,\"name\":\"Portada\",\"item\":\"https:\/\/adriano.depimtajamar.es\/\"},{\"@type\":\"ListItem\",\"position\":2,\"name\":\"Productos\",\"item\":\"https:\/\/adriano.depimtajamar.es\/index.php\/shop\/\"},{\"@type\":\"ListItem\",\"position\":3,\"name\":\"Altos Del Prado\"}]},{\"@type\":\"WebSite\",\"@id\":\"https:\/\/adriano.depimtajamar.es\/#website\",\"url\":\"https:\/\/adriano.depimtajamar.es\/\",\"name\":\"La bodega\",\"description\":\"Bodega de vino\",\"publisher\":{\"@id\":\"https:\/\/adriano.depimtajamar.es\/#organization\"},\"potentialAction\":[{\"@type\":\"SearchAction\",\"target\":{\"@type\":\"EntryPoint\",\"urlTemplate\":\"https:\/\/adriano.depimtajamar.es\/?s={search_term_string}\"},\"query-input\":{\"@type\":\"PropertyValueSpecification\",\"valueRequired\":true,\"valueName\":\"search_term_string\"}}],\"inLanguage\":\"es\"},{\"@type\":\"Organization\",\"@id\":\"https:\/\/adriano.depimtajamar.es\/#organization\",\"name\":\"La bodega\",\"url\":\"https:\/\/adriano.depimtajamar.es\/\",\"logo\":{\"@type\":\"ImageObject\",\"inLanguage\":\"es\",\"@id\":\"https:\/\/adriano.depimtajamar.es\/#\/schema\/logo\/image\/\",\"url\":\"https:\/\/adriano.depimtajamar.es\/wp-content\/uploads\/2026\/01\/unnamed.png\",\"contentUrl\":\"https:\/\/adriano.depimtajamar.es\/wp-content\/uploads\/2026\/01\/unnamed.png\",\"width\":512,\"height\":512,\"caption\":\"La bodega\"},\"image\":{\"@id\":\"https:\/\/adriano.depimtajamar.es\/#\/schema\/logo\/image\/\"}}]}<\/script>\n<!-- \/ Yoast SEO plugin. -->","yoast_head_json":{"title":"Altos Del Prado - La bodega","description":"\u00abNacido en las parcelas m\u00e1s altas de nuestra finca. Un vino de autor con una estructura excepcional y notas minerales. Solo disponible en a\u00f1adas excelentes y con producci\u00f3n numerada.\u00bb","robots":{"index":"index","follow":"follow","max-snippet":"max-snippet:-1","max-image-preview":"max-image-preview:large","max-video-preview":"max-video-preview:-1"},"canonical":"https:\/\/adriano.depimtajamar.es\/index.php\/producto\/altos-del-prado\/","og_locale":"es_ES","og_type":"article","og_title":"Altos Del Prado - La bodega","og_description":"\u00abNacido en las parcelas m\u00e1s altas de nuestra finca. Un vino de autor con una estructura excepcional y notas minerales. Solo disponible en a\u00f1adas excelentes y con producci\u00f3n numerada.\u00bb","og_url":"https:\/\/adriano.depimtajamar.es\/index.php\/producto\/altos-del-prado\/","og_site_name":"La bodega","article_modified_time":"2026-01-31T21:03:57+00:00","og_image":[{"width":1024,"height":1536,"url":"https:\/\/adriano.depimtajamar.es\/wp-content\/uploads\/2026\/01\/ee8b1841-731c-4466-bad0-dfe99dd34384.png","type":"image\/png"}],"twitter_card":"summary_large_image","twitter_misc":{"Tiempo de lectura":"1 minuto"},"schema":{"@context":"https:\/\/schema.org","@graph":[{"@type":"WebPage","@id":"https:\/\/adriano.depimtajamar.es\/index.php\/producto\/altos-del-prado\/","url":"https:\/\/adriano.depimtajamar.es\/index.php\/producto\/altos-del-prado\/","name":"Altos Del Prado - La bodega","isPartOf":{"@id":"https:\/\/adriano.depimtajamar.es\/#website"},"primaryImageOfPage":{"@id":"https:\/\/adriano.depimtajamar.es\/index.php\/producto\/altos-del-prado\/#primaryimage"},"image":{"@id":"https:\/\/adriano.depimtajamar.es\/index.php\/producto\/altos-del-prado\/#primaryimage"},"thumbnailUrl":"https:\/\/adriano.depimtajamar.es\/wp-content\/uploads\/2026\/01\/ee8b1841-731c-4466-bad0-dfe99dd34384.png","datePublished":"2026-01-31T21:03:56+00:00","dateModified":"2026-01-31T21:03:57+00:00","description":"\u00abNacido en las parcelas m\u00e1s altas de nuestra finca. Un vino de autor con una estructura excepcional y notas minerales. Solo disponible en a\u00f1adas excelentes y con producci\u00f3n numerada.\u00bb","breadcrumb":{"@id":"https:\/\/adriano.depimtajamar.es\/index.php\/producto\/altos-del-prado\/#breadcrumb"},"inLanguage":"es","potentialAction":[{"@type":"ReadAction","target":["https:\/\/adriano.depimtajamar.es\/index.php\/producto\/altos-del-prado\/"]}]},{"@type":"ImageObject","inLanguage":"es","@id":"https:\/\/adriano.depimtajamar.es\/index.php\/producto\/altos-del-prado\/#primaryimage","url":"https:\/\/adriano.depimtajamar.es\/wp-content\/uploads\/2026\/01\/ee8b1841-731c-4466-bad0-dfe99dd34384.png","contentUrl":"https:\/\/adriano.depimtajamar.es\/wp-content\/uploads\/2026\/01\/ee8b1841-731c-4466-bad0-dfe99dd34384.png","width":1024,"height":1536},{"@type":"BreadcrumbList","@id":"https:\/\/adriano.depimtajamar.es\/index.php\/producto\/altos-del-prado\/#breadcrumb","itemListElement":[{"@type":"ListItem","position":1,"name":"Portada","item":"https:\/\/adriano.depimtajamar.es\/"},{"@type":"ListItem","position":2,"name":"Productos","item":"https:\/\/adriano.depimtajamar.es\/index.php\/shop\/"},{"@type":"ListItem","position":3,"name":"Altos Del Prado"}]},{"@type":"WebSite","@id":"https:\/\/adriano.depimtajamar.es\/#website","url":"https:\/\/adriano.depimtajamar.es\/","name":"La bodega","description":"Bodega de vino","publisher":{"@id":"https:\/\/adriano.depimtajamar.es\/#organization"},"potentialAction":[{"@type":"SearchAction","target":{"@type":"EntryPoint","urlTemplate":"https:\/\/adriano.depimtajamar.es\/?s={search_term_string}"},"query-input":{"@type":"PropertyValueSpecification","valueRequired":true,"valueName":"search_term_string"}}],"inLanguage":"es"},{"@type":"Organization","@id":"https:\/\/adriano.depimtajamar.es\/#organization","name":"La bodega","url":"https:\/\/adriano.depimtajamar.es\/","logo":{"@type":"ImageObject","inLanguage":"es","@id":"https:\/\/adriano.depimtajamar.es\/#\/schema\/logo\/image\/","url":"https:\/\/adriano.depimtajamar.es\/wp-content\/uploads\/2026\/01\/unnamed.png","contentUrl":"https:\/\/adriano.depimtajamar.es\/wp-content\/uploads\/2026\/01\/unnamed.png","width":512,"height":512,"caption":"La bodega"},"image":{"@id":"https:\/\/adriano.depimtajamar.es\/#\/schema\/logo\/image\/"}}]}},"jetpack_sharing_enabled":true,"_links":{"self":[{"href":"https:\/\/adriano.depimtajamar.es\/index.php\/wp-json\/wp\/v2\/product\/1427","targetHints":{"allow":["GET"]}}],"collection":[{"href":"https:\/\/adriano.depimtajamar.es\/index.php\/wp-json\/wp\/v2\/product"}],"about":[{"href":"https:\/\/adriano.depimtajamar.es\/index.php\/wp-json\/wp\/v2\/types\/product"}],"replies":[{"embeddable":true,"href":"https:\/\/adriano.depimtajamar.es\/index.php\/wp-json\/wp\/v2\/comments?post=1427"}],"wp:featuredmedia":[{"embeddable":true,"href":"https:\/\/adriano.depimtajamar.es\/index.php\/wp-json\/wp\/v2\/media\/1360"}],"wp:attachment":[{"href":"https:\/\/adriano.depimtajamar.es\/index.php\/wp-json\/wp\/v2\/media?parent=1427"}],"wp:term":[{"taxonomy":"product_brand","embeddable":true,"href":"https:\/\/adriano.depimtajamar.es\/index.php\/wp-json\/wp\/v2\/product_brand?post=1427"},{"taxonomy":"product_cat","embeddable":true,"href":"https:\/\/adriano.depimtajamar.es\/index.php\/wp-json\/wp\/v2\/product_cat?post=1427"},{"taxonomy":"product_tag","embeddable":true,"href":"https:\/\/adriano.depimtajamar.es\/index.php\/wp-json\/wp\/v2\/product_tag?post=1427"}],"curies":[{"name":"wp","href":"https:\/\/api.w.org\/{rel}","templated":true}]}}